{"id":366,"date":"2025-07-01T06:04:25","date_gmt":"2025-07-01T06:04:25","guid":{"rendered":"https:\/\/azquality.org\/about\/"},"modified":"2025-09-19T12:17:27","modified_gmt":"2025-09-19T12:17:27","slug":"about","status":"publish","type":"page","link":"https:\/\/azquality.org\/az\/about\/","title":{"rendered":"About QN"},"content":{"rendered":"<div class=\"wp-block-uagb-container uagb-block-b8392019 alignfull uagb-is-root-container\"><div class=\"uagb-container-inner-blocks-wrap\">\n<p class=\"has-text-align-right\"><\/p>\n<\/div><\/div>\n\n\n\n<div class=\"wp-block-uagb-container uagb-block-881d64b2 alignfull uagb-is-root-container\"><div class=\"uagb-container-inner-blocks-wrap\">\n<div class=\"wp-block-uagb-advanced-heading uagb-block-a75a3ac7\"><h2 class=\"uagb-heading-text\">Haqq\u0131m\u0131zda<\/h2><\/div>\n\n\n\n<div class=\"wp-block-uagb-separator uagb-block-519f7c3c\"><div class=\"wp-block-uagb-separator__inner\" style=\"--my-background-image:\"><\/div><\/div>\n\n\n\n<div class=\"wp-block-uagb-container uagb-block-0fe98f63\">\n<div class=\"wp-block-uagb-advanced-heading uagb-block-def40c29\"><h5 class=\"uagb-heading-text\">Quality North keyfiyy\u0259t sah\u0259sind\u0259 f\u0259aliyy\u0259t g\u00f6st\u0259r\u0259n m\u00fct\u0259x\u0259ssisl\u0259r, t\u0259lim\u00e7il\u0259r v\u0259 \u00f6yr\u0259n\u0259nl\u0259r \u00fc\u00e7\u00fcn m\u00fcst\u0259qil bilik v\u0259 \u00f6yr\u0259nm\u0259 platformas\u0131d\u0131r.<\/h5><\/div>\n\n\n\n<p style=\"margin-top:0;margin-bottom:0;padding-top:0;padding-bottom:0;font-style:normal;font-weight:500;letter-spacing:0.3px;line-height:1.57\">Missiyam\u0131z keyfiyy\u0259t bilikl\u0259rini d\u00fcnyada daha \u0259l\u00e7atan, praktik v\u0259 ilhamverici etm\u0259kdir. Biz inan\u0131r\u0131q ki, keyfiyy\u0259t t\u0259kc\u0259 texniki standartlara uy\u011funluq deyil h\u0259m d\u0259 liderlik, strateji d\u00fc\u015f\u00fcnc\u0259 v\u0259 davaml\u0131 t\u0259kmill\u0259\u015fm\u0259 \u00fcz\u0259rind\u0259 qurulan bir m\u0259d\u0259niyy\u0259tdir. Pulsuz resurslar, m\u0259qal\u0259l\u0259r v\u0259 \u00f6yr\u0259nm\u0259 t\u0259\u015f\u0259bb\u00fcsl\u0259ri vasit\u0259sil\u0259 biz pe\u015f\u0259kar inki\u015faf\u0131 d\u0259st\u0259kl\u0259m\u0259yi v\u0259 qlobal keyfiyy\u0259t d\u00fc\u015f\u00fcnc\u0259sini g\u00fccl\u0259ndirm\u0259yi h\u0259d\u0259fl\u0259yirik. Quality North h\u0259m d\u0259 s\u0259sl\u0259rin e\u015fidildiyi bir m\u0259kand\u0131r. Burada g\u0259nc m\u00fct\u0259x\u0259ssisl\u0259r, ekspertl\u0259r v\u0259 m\u00fc\u0259lliml\u0259r \u00f6z bax\u0131\u015flar\u0131n\u0131, t\u0259cr\u00fcb\u0259l\u0259rini v\u0259 ideyalar\u0131n\u0131 payla\u015faraq keyfiyy\u0259t \u00fcz\u0259rind\u0259 qurulmu\u015f daha g\u00fccl\u00fc bir g\u0259l\u0259c\u0259yin formala\u015fmas\u0131na t\u00f6hf\u0259 ver\u0259 bil\u0259rl\u0259r.<\/p>\n<\/div>\n<\/div><\/div>\n\n\n\n<div class=\"wp-block-uagb-container uagb-block-57a5ebd4 alignfull uagb-is-root-container\"><div class=\"uagb-container-inner-blocks-wrap\">\n<div class=\"wp-block-uagb-advanced-heading uagb-block-c0f3080b\"><h2 class=\"uagb-heading-text\">Bizim m\u00f6vqeyimiz<\/h2><\/div>\n\n\n\n<div class=\"wp-block-uagb-separator uagb-block-b397042e\"><div class=\"wp-block-uagb-separator__inner\" style=\"--my-background-image:\"><\/div><\/div>\n\n\n\n<div class=\"wp-block-uagb-container uagb-block-f58e6193\">\n<div class=\"wp-block-uagb-info-box uagb-block-cf7ad14c uagb-infobox__content-wrap  uagb-infobox-icon-above-title uagb-infobox-image-valign-top\"><div class=\"uagb-ifb-content\"><div class=\"uagb-ifb-title-wrap\"><h6 class=\"uagb-ifb-title-prefix\">Bizim missiyam\u0131z<\/h6><h5 class=\"uagb-ifb-title\">Quality North-un missiyas\u0131 keyfiyy\u0259t bilikl\u0259rini h\u0259r k\u0259s \u00fc\u00e7\u00fcn \u0259l\u00e7atan, praktik v\u0259 ilhamverici etm\u0259kdir. M\u0259qs\u0259dimiz m\u00fct\u0259x\u0259ssisl\u0259rin, t\u0259lim\u00e7il\u0259rin v\u0259 \u00f6yr\u0259n\u0259nl\u0259rin bilikl\u0259rini art\u0131rmas\u0131na, bacar\u0131qlar\u0131n\u0131 m\u00f6hk\u0259ml\u0259ndirm\u0259sin\u0259 v\u0259 \u00f6z t\u0259cr\u00fcb\u0259l\u0259rini payla\u015fmas\u0131na d\u0259st\u0259k olmaqd\u0131r.<\/h5><\/div><p class=\"uagb-ifb-desc\">Pulsuz resurslar, faydal\u0131 m\u0259qal\u0259l\u0259r v\u0259 \u0259m\u0259kda\u015fl\u0131q imkanlar\u0131 t\u0259qdim etm\u0259kl\u0259 biz yaln\u0131z standartlara uy\u011funlu\u011fu deyil, ondan daha ir\u0259li ged\u0259n bir keyfiyy\u0259t m\u0259d\u0259niyy\u0259ti yaratma\u011f\u0131 h\u0259d\u0259fl\u0259yirik \u2013 liderliyi, etik d\u0259y\u0259rl\u0259ri v\u0259 davaml\u0131 t\u0259kmill\u0259\u015fm\u0259ni m\u00fck\u0259mm\u0259lliyin t\u0259m\u0259li kimi q\u0259bul ed\u0259n bir m\u0259d\u0259niyy\u0259t.<\/p><\/div><\/div>\n\n\n\n<div class=\"wp-block-uagb-info-box uagb-block-5ada736d uagb-infobox__content-wrap  uagb-infobox-icon-above-title uagb-infobox-image-valign-top\"><div class=\"uagb-ifb-content\"><div class=\"uagb-ifb-title-wrap\"><h6 class=\"uagb-ifb-title-prefix\"><strong><strong>Bizim Bax\u0131\u015f\u0131m\u0131z<\/strong><\/strong><\/h6><h5 class=\"uagb-ifb-title\">Vizyonumuz keyfiyy\u0259tin \u00fcmumb\u0259\u015f\u0259ri d\u0259y\u0259r v\u0259 t\u0259r\u0259qqinin h\u0259r\u0259k\u0259tverici q\u00fcvv\u0259si kimi q\u0259bul olundu\u011fu bir d\u00fcnyaya ilham verm\u0259kdir.<\/h5><\/div><p class=\"uagb-ifb-desc\">M\u0259qs\u0259dimiz etibarl\u0131 bilik m\u0259nb\u0259yin\u0259 \u00e7evrilm\u0259k, m\u00fct\u0259x\u0259ssisl\u0259ri, \u00f6yr\u0259n\u0259nl\u0259ri v\u0259 m\u00fc\u0259lliml\u0259ri birl\u0259\u015fdir\u0259r\u0259k keyfiyy\u0259t \u00fcz\u0259rind\u0259 qurulmu\u015f daha g\u00fccl\u00fc v\u0259 dayan\u0131ql\u0131 bir g\u0259l\u0259c\u0259yin formala\u015fmas\u0131na t\u00f6hf\u0259 verm\u0259kdir.<\/p><\/div><\/div>\n<\/div>\n<\/div><\/div>\n\n\n\n<div class=\"wp-block-uagb-container uagb-layout-grid uagb-block-d42235a7 alignfull uagb-is-root-container\"><div class=\"uagb-container-inner-blocks-wrap\">\n<div class=\"wp-block-uagb-info-box uagb-block-47818bb0 uagb-infobox__content-wrap  uagb-infobox-icon-above-title uagb-infobox-image-valign-top wp-block-uagb-info-box--has-margin\"><div class=\"uagb-infobox-margin-wrapper\"><div class=\"uagb-ifb-content\"><div class=\"uagb-ifb-title-wrap\"><h2 class=\"uagb-ifb-title\"><strong>\u0130\u015fl\u0259rimiz r\u0259q\u0259ml\u0259rl\u0259<\/strong><\/h2><\/div><\/div><\/div><\/div>\n\n\n\n<div class=\"wp-block-uagb-container uagb-layout-grid uagb-block-6374e6b9\">\n<div class=\"wp-block-uagb-container uagb-block-fe6eff4b\">\n<div class=\"wp-block-uagb-counter uagb-block-8f32089e wp-block-uagb-counter--number\"><div class=\"wp-block-uagb-counter__number\"><span class=\"uagb-counter-block-number\" data-duration=\"1.5\" data-to-value=\"1000\" data-from-value=\"0\" data-delimiter=\",\"><\/span><span class=\"uagb-counter-block-suffix\">+<\/span><\/div><div class=\"wp-block-uagb-counter__title\">\u0130llik vebsayt qonaqlar\u0131m\u0131z<\/div><\/div>\n<\/div>\n\n\n\n<div class=\"wp-block-uagb-container uagb-block-7f600e5b\">\n<div class=\"wp-block-uagb-counter uagb-block-01179521 wp-block-uagb-counter--number\"><div class=\"wp-block-uagb-counter__number\"><span class=\"uagb-counter-block-number\" data-duration=\"1.5\" data-to-value=\"5\" data-from-value=\"0\" data-delimiter=\",\"><\/span><span class=\"uagb-counter-block-suffix\">+<\/span><\/div><div class=\"wp-block-uagb-counter__title\">\u00c7ap olunmu\u015f t\u0259lim resurslar\u0131 v\u0259 m\u0259qal\u0259l\u0259r<\/div><\/div>\n<\/div>\n\n\n\n<div class=\"wp-block-uagb-container uagb-layout-flex uagb-block-6166412a\">\n<div class=\"wp-block-uagb-counter uagb-block-4385469a wp-block-uagb-counter--number\"><div class=\"wp-block-uagb-counter__number\"><span class=\"uagb-counter-block-number\" data-duration=\"1.5\" data-to-value=\"5\" data-from-value=\"0\" data-delimiter=\",\"><\/span><span class=\"uagb-counter-block-suffix\">+<\/span><\/div><div class=\"wp-block-uagb-counter__title\">Cari il\u0259 planla\u015fd\u0131r\u0131lm\u0131\u015f vebinar, seminar say\u0131<\/div><\/div>\n<\/div>\n\n\n\n<div class=\"wp-block-uagb-container uagb-block-bd15b44a\">\n<div class=\"wp-block-uagb-counter uagb-block-222f3104 wp-block-uagb-counter--number\"><div class=\"wp-block-uagb-counter__number\"><span class=\"uagb-counter-block-number\" data-duration=\"1.5\" data-to-value=\"5\" data-from-value=\"0\" data-delimiter=\",\"><\/span><span class=\"uagb-counter-block-suffix\">+<\/span><\/div><div class=\"wp-block-uagb-counter__title\">Yerli v\u0259 xarici professionallarla m\u00fc\u015ft\u0259r\u0259k \u00e7al\u0131\u015fmalar\u0131m\u0131z<\/div><\/div>\n<\/div>\n<\/div>\n<\/div><\/div>\n\n\n\n<div class=\"wp-block-uagb-container uagb-block-a8aa2beb alignfull uagb-is-root-container\"><div class=\"uagb-container-inner-blocks-wrap\">\n<div class=\"wp-block-uagb-advanced-heading uagb-block-b009a438\"><h5 class=\"uagb-heading-text\">Bizim ilham m\u0259nb\u0259yimiz v\u0259 qlobal istinadlar\u0131m\u0131z<\/h5><\/div>\n\n\n\n<section class=\"wp-block-uagb-columns uagb-columns__wrap uagb-columns__background-none uagb-columns__stack-none uagb-columns__valign-center uagb-columns__gap-0 align uagb-block-36bf7999 uagb-columns__columns-4 uagb-columns__max_width-custom\"><div class=\"uagb-columns__overlay\"><\/div><div class=\"uagb-columns__inner-wrap uagb-columns__columns-4\">\n<div class=\"wp-block-uagb-column uagb-column__wrap uagb-column__background-undefined uagb-block-8fc78572\"><div class=\"uagb-column__overlay\"><\/div>\n<figure class=\"wp-block-image size-full\"><a href=\"https:\/\/www.quality.org\/\" target=\"_blank\" rel=\"https:\/\/www.quality.org\/\"><img decoding=\"async\" width=\"310\" height=\"77\" src=\"https:\/\/azquality.org\/wp-content\/uploads\/2025\/09\/logo-4.png\" alt=\"\" class=\"wp-image-2099\" srcset=\"https:\/\/azquality.org\/wp-content\/uploads\/2025\/09\/logo-4.png 310w, https:\/\/azquality.org\/wp-content\/uploads\/2025\/09\/logo-4-300x75.png 300w, https:\/\/azquality.org\/wp-content\/uploads\/2025\/09\/logo-4-18x4.png 18w\" sizes=\"(max-width: 310px) 100vw, 310px\" \/><\/a><\/figure>\n<\/div>\n\n\n\n<div class=\"wp-block-uagb-column uagb-column__wrap uagb-column__background-undefined uagb-block-e96bc491\"><div class=\"uagb-column__overlay\"><\/div>\n<figure class=\"wp-block-image aligncenter size-full is-resized wp-duotone-midnight\"><a href=\"https:\/\/asq.org\/\"><img fetchpriority=\"high\" decoding=\"async\" width=\"320\" height=\"448\" src=\"https:\/\/azquality.org\/wp-content\/uploads\/2025\/09\/logo-1-4.png\" alt=\"\" class=\"wp-image-2101\" style=\"width:53px;height:auto\" srcset=\"https:\/\/azquality.org\/wp-content\/uploads\/2025\/09\/logo-1-4.png 320w, https:\/\/azquality.org\/wp-content\/uploads\/2025\/09\/logo-1-4-214x300.png 214w, https:\/\/azquality.org\/wp-content\/uploads\/2025\/09\/logo-1-4-9x12.png 9w\" sizes=\"(max-width: 320px) 100vw, 320px\" \/><\/a><\/figure>\n<\/div>\n\n\n\n<div class=\"wp-block-uagb-column uagb-column__wrap uagb-column__background-undefined uagb-block-a34b16c2\"><div class=\"uagb-column__overlay\"><\/div>\n<figure class=\"wp-block-image size-full is-resized\"><a href=\"https:\/\/www.pmi.org\/\"><img decoding=\"async\" width=\"500\" height=\"281\" src=\"https:\/\/azquality.org\/wp-content\/uploads\/2025\/09\/PMI-Logo-500x281-3.png\" alt=\"\" class=\"wp-image-2102\" style=\"width:146px;height:auto\" srcset=\"https:\/\/azquality.org\/wp-content\/uploads\/2025\/09\/PMI-Logo-500x281-3.png 500w, https:\/\/azquality.org\/wp-content\/uploads\/2025\/09\/PMI-Logo-500x281-3-300x169.png 300w, https:\/\/azquality.org\/wp-content\/uploads\/2025\/09\/PMI-Logo-500x281-3-18x10.png 18w\" sizes=\"(max-width: 500px) 100vw, 500px\" \/><\/a><\/figure>\n<\/div>\n\n\n\n<div class=\"wp-block-uagb-column uagb-column__wrap uagb-column__background-undefined uagb-block-e925b3d7\"><div class=\"uagb-column__overlay\"><\/div>\n<figure class=\"wp-block-image size-full is-resized\"><a href=\"https:\/\/www.iso.org\/home.html\"><img loading=\"lazy\" decoding=\"async\" width=\"978\" height=\"901\" src=\"https:\/\/azquality.org\/wp-content\/uploads\/2025\/09\/ISO_Logo_Red_square.svg_-2.png\" alt=\"\" class=\"wp-image-2103\" style=\"width:79px;height:auto\" srcset=\"https:\/\/azquality.org\/wp-content\/uploads\/2025\/09\/ISO_Logo_Red_square.svg_-2.png 978w, https:\/\/azquality.org\/wp-content\/uploads\/2025\/09\/ISO_Logo_Red_square.svg_-2-300x276.png 300w, https:\/\/azquality.org\/wp-content\/uploads\/2025\/09\/ISO_Logo_Red_square.svg_-2-768x708.png 768w, https:\/\/azquality.org\/wp-content\/uploads\/2025\/09\/ISO_Logo_Red_square.svg_-2-13x12.png 13w\" sizes=\"(max-width: 978px) 100vw, 978px\" \/><\/a><\/figure>\n<\/div>\n<\/div><\/section>\n<\/div><\/div>\n\n\n\n<div class=\"wp-block-uagb-container uagb-block-c7992d3b alignfull uagb-is-root-container\"><div class=\"uagb-container-inner-blocks-wrap\">\n<div class=\"wp-block-uagb-info-box uagb-block-322fd59a uagb-infobox__content-wrap  uagb-infobox-icon-above-title uagb-infobox-image-valign-top\"><div class=\"uagb-ifb-content\"><div class=\"uagb-ifb-icon-wrap\"><div class=\"uagb-iconbox-icon-wrap uagb-infobox-shape-circle\"><svg xmlns=\"https:\/\/www.w3.org\/2000\/svg\" viewbox=\"0 0 512 512\"><path d=\"M0 256C0 114.6 114.6 0 256 0C397.4 0 512 114.6 512 256C512 397.4 397.4 512 256 512C114.6 512 0 397.4 0 256zM371.8 211.8C382.7 200.9 382.7 183.1 371.8 172.2C360.9 161.3 343.1 161.3 332.2 172.2L224 280.4L179.8 236.2C168.9 225.3 151.1 225.3 140.2 236.2C129.3 247.1 129.3 264.9 140.2 275.8L204.2 339.8C215.1 350.7 232.9 350.7 243.8 339.8L371.8 211.8z\"><\/path><\/svg><\/div><\/div><div class=\"uagb-ifb-title-wrap\"><span class=\"uagb-ifb-title-prefix\">Quality North-a t\u00f6vh\u0259ni ver<\/span><h2 class=\"uagb-ifb-title\"> B\u00f6l\u00fc\u015fm\u0259k ist\u0259diyiniz m\u0259qal\u0259 v\u0259 ya bloq post ideyan\u0131z var? <br>M\u0259qal\u0259nizi biziml\u0259 \u0259laq\u0259 saxlayaraq \u00e7ap edin<\/h2><\/div><div class=\"uagb-ifb-button-wrapper wp-block-button\"><a href=\"https:\/\/azquality.org\/en\/contact\/\" class=\"uagb-infobox-cta-link wp-block-button__link\" target=\"_blank\" rel=\"noopener noreferrer\" onclick=\"return true;\"><span class=\"uagb-inline-editing\">Biziml\u0259 \u0259laq\u0259<\/span><svg xmlns=\"https:\/\/www.w3.org\/2000\/svg\" viewbox=\"0 0 384 512\"><path d=\"M54.63 246.6L192 109.3l137.4 137.4C335.6 252.9 343.8 256 352 256s16.38-3.125 22.62-9.375c12.5-12.5 12.5-32.75 0-45.25l-160-160c-12.5-12.5-32.75-12.5-45.25 0l-160 160c-12.5 12.5-12.5 32.75 0 45.25S42.13 259.1 54.63 246.6zM214.6 233.4c-12.5-12.5-32.75-12.5-45.25 0l-160 160c-12.5 12.5-12.5 32.75 0 45.25s32.75 12.5 45.25 0L192 301.3l137.4 137.4C335.6 444.9 343.8 448 352 448s16.38-3.125 22.62-9.375c12.5-12.5 12.5-32.75 0-45.25L214.6 233.4z\"><\/path><\/svg><\/a><\/div><\/div><\/div>\n<\/div><\/div>\n\n\n\n<p><\/p>","protected":false},"excerpt":{"rendered":"<p>About Us Quality North is an independent knowledge and learning platform for professionals, trainers, and learners in the field of [&hellip;]<\/p>\n","protected":false},"author":1,"featured_media":2530,"parent":0,"menu_order":0,"comment_status":"closed","ping_status":"closed","template":"","meta":{"_surecart_dashboard_logo_width":"180px","_surecart_dashboard_show_logo":true,"_surecart_dashboard_navigation_orders":true,"_surecart_dashboard_navigation_invoices":true,"_surecart_dashboard_navigation_subscriptions":true,"_surecart_dashboard_navigation_downloads":true,"_surecart_dashboard_navigation_billing":true,"_surecart_dashboard_navigation_account":true,"_uag_custom_page_level_css":"","site-sidebar-layout":"no-sidebar","site-content-layout":"page-builder","ast-site-content-layout":"full-width-container","site-content-style":"unboxed","site-sidebar-style":"unboxed","ast-global-header-display":"","ast-banner-title-visibility":"","ast-main-header-display":"","ast-hfb-above-header-display":"","ast-hfb-below-header-display":"","ast-hfb-mobile-header-display":"","site-post-title":"disabled","ast-breadcrumbs-content":"","ast-featured-img":"disabled","footer-sml-layout":"","ast-disable-related-posts":"","theme-transparent-header-meta":"enabled","adv-header-id-meta":"","stick-header-meta":"","header-above-stick-meta":"","header-main-stick-meta":"","header-below-stick-meta":"","astra-migrate-meta-layouts":"set","ast-page-background-enabled":"default","ast-page-background-meta":{"desktop":{"background-color":"var(--ast-global-color-4)","background-image":"","background-repeat":"repeat","background-position":"center center","background-size":"auto","background-attachment":"scroll","background-type":"","background-media":"","overlay-type":"","overlay-color":"","overlay-opacity":"","overlay-gradient":""},"tablet":{"background-color":"","background-image":"","background-repeat":"repeat","background-position":"center center","background-size":"auto","background-attachment":"scroll","background-type":"","background-media":"","overlay-type":"","overlay-color":"","overlay-opacity":"","overlay-gradient":""},"mobile":{"background-color":"","background-image":"","background-repeat":"repeat","background-position":"center center","background-size":"auto","background-attachment":"scroll","background-type":"","background-media":"","overlay-type":"","overlay-color":"","overlay-opacity":"","overlay-gradient":""}},"ast-content-background-meta":{"desktop":{"background-color":"var(--ast-global-color-5)","background-image":"","background-repeat":"repeat","background-position":"center center","background-size":"auto","background-attachment":"scroll","background-type":"","background-media":"","overlay-type":"","overlay-color":"","overlay-opacity":"","overlay-gradient":""},"tablet":{"background-color":"var(--ast-global-color-5)","background-image":"","background-repeat":"repeat","background-position":"center center","background-size":"auto","background-attachment":"scroll","background-type":"","background-media":"","overlay-type":"","overlay-color":"","overlay-opacity":"","overlay-gradient":""},"mobile":{"background-color":"var(--ast-global-color-5)","background-image":"","background-repeat":"repeat","background-position":"center center","background-size":"auto","background-attachment":"scroll","background-type":"","background-media":"","overlay-type":"","overlay-color":"","overlay-opacity":"","overlay-gradient":""}},"footnotes":""},"class_list":["post-366","page","type-page","status-publish","has-post-thumbnail","hentry"],"uagb_featured_image_src":{"full":["https:\/\/azquality.org\/wp-content\/uploads\/2025\/09\/Your-guiding-star-in-the-world-of-quality-13-1-scaled.png",2560,742,false],"thumbnail":["https:\/\/azquality.org\/wp-content\/uploads\/2025\/09\/Your-guiding-star-in-the-world-of-quality-13-1-150x150.png",150,150,true],"medium":["https:\/\/azquality.org\/wp-content\/uploads\/2025\/09\/Your-guiding-star-in-the-world-of-quality-13-1-300x87.png",300,87,true],"medium_large":["https:\/\/azquality.org\/wp-content\/uploads\/2025\/09\/Your-guiding-star-in-the-world-of-quality-13-1-768x223.png",768,223,true],"large":["https:\/\/azquality.org\/wp-content\/uploads\/2025\/09\/Your-guiding-star-in-the-world-of-quality-13-1-1024x297.png",1024,297,true],"1536x1536":["https:\/\/azquality.org\/wp-content\/uploads\/2025\/09\/Your-guiding-star-in-the-world-of-quality-13-1-1536x445.png",1536,445,true],"2048x2048":["https:\/\/azquality.org\/wp-content\/uploads\/2025\/09\/Your-guiding-star-in-the-world-of-quality-13-1-2048x594.png",2048,594,true],"trp-custom-language-flag":["https:\/\/azquality.org\/wp-content\/uploads\/2025\/09\/Your-guiding-star-in-the-world-of-quality-13-1-18x5.png",18,5,true],"mailpoet_newsletter_max":["https:\/\/azquality.org\/wp-content\/uploads\/2025\/09\/Your-guiding-star-in-the-world-of-quality-13-1-1320x383.png",1320,383,true]},"uagb_author_info":{"display_name":"Azad Guluzada","author_link":"https:\/\/azquality.org\/az\/author\/azadguluzadeh\/"},"uagb_comment_info":0,"uagb_excerpt":"About Us Quality North is an independent knowledge and learning platform for professionals, trainers, and learners in the field of [&hellip;]","_links":{"self":[{"href":"https:\/\/azquality.org\/az\/wp-json\/wp\/v2\/pages\/366","targetHints":{"allow":["GET"]}}],"collection":[{"href":"https:\/\/azquality.org\/az\/wp-json\/wp\/v2\/pages"}],"about":[{"href":"https:\/\/azquality.org\/az\/wp-json\/wp\/v2\/types\/page"}],"author":[{"embeddable":true,"href":"https:\/\/azquality.org\/az\/wp-json\/wp\/v2\/users\/1"}],"replies":[{"embeddable":true,"href":"https:\/\/azquality.org\/az\/wp-json\/wp\/v2\/comments?post=366"}],"version-history":[{"count":46,"href":"https:\/\/azquality.org\/az\/wp-json\/wp\/v2\/pages\/366\/revisions"}],"predecessor-version":[{"id":2531,"href":"https:\/\/azquality.org\/az\/wp-json\/wp\/v2\/pages\/366\/revisions\/2531"}],"wp:featuredmedia":[{"embeddable":true,"href":"https:\/\/azquality.org\/az\/wp-json\/wp\/v2\/media\/2530"}],"wp:attachment":[{"href":"https:\/\/azquality.org\/az\/wp-json\/wp\/v2\/media?parent=366"}],"curies":[{"name":"wp","href":"https:\/\/api.w.org\/{rel}","templated":true}]}}